{"id":12777,"date":"2026-02-20T13:47:41","date_gmt":"2026-02-20T12:47:41","guid":{"rendered":"https:\/\/domainedelarchegalteau.fr\/?page_id=12777"},"modified":"2026-02-20T14:46:52","modified_gmt":"2026-02-20T13:46:52","slug":"gite","status":"publish","type":"page","link":"https:\/\/domainedelarchegalteau.fr\/?page_id=12777","title":{"rendered":"G\u00ceTE"},"content":{"rendered":"\t\t<div data-elementor-type=\"wp-page\" data-elementor-id=\"12777\" class=\"elementor elementor-12777\">\n\t\t\t\t\t\t<section class=\"elementor-section elementor-top-section elementor-element elementor-element-bacde40 elementor-section-boxed elementor-section-height-default elementor-section-height-default\" data-id=\"bacde40\" data-element_type=\"section\" data-e-type=\"section\">\n\t\t\t\t\t\t<div class=\"elementor-container elementor-column-gap-default\">\n\t\t\t\t\t<div class=\"elementor-column elementor-col-100 elementor-top-column elementor-element elementor-element-23f1c77\" data-id=\"23f1c77\" data-element_type=\"column\" data-e-type=\"column\">\n\t\t\t<div class=\"elementor-widget-wrap elementor-element-populated\">\n\t\t\t\t\t\t<div class=\"elementor-element elementor-element-6377c6f elementor-widget elementor-widget-heading\" data-id=\"6377c6f\" data-element_type=\"widget\" data-e-type=\"widget\" data-widget_type=\"heading.default\">\n\t\t\t\t<div class=\"elementor-widget-container\">\n\t\t\t\t\t<h2 class=\"elementor-heading-title elementor-size-xl\"><b>Bienvenue au domaine de l'Arche Galteau<\/b> !<\/h2>\t\t\t\t<\/div>\n\t\t\t\t<\/div>\n\t\t\t\t\t<\/div>\n\t\t<\/div>\n\t\t\t\t\t<\/div>\n\t\t<\/section>\n\t\t\t\t<section class=\"elementor-section elementor-top-section elementor-element elementor-element-679c60b elementor-section-boxed elementor-section-height-default elementor-section-height-default\" data-id=\"679c60b\" data-element_type=\"section\" data-e-type=\"section\">\n\t\t\t\t\t\t<div class=\"elementor-container elementor-column-gap-default\">\n\t\t\t\t\t<div class=\"elementor-column elementor-col-100 elementor-top-column elementor-element elementor-element-7bc2560\" data-id=\"7bc2560\" data-element_type=\"column\" data-e-type=\"column\">\n\t\t\t<div class=\"elementor-widget-wrap elementor-element-populated\">\n\t\t\t\t\t\t<div class=\"elementor-element elementor-element-4bf7ed4 elementor-widget elementor-widget-heading\" data-id=\"4bf7ed4\" data-element_type=\"widget\" data-e-type=\"widget\" data-widget_type=\"heading.default\">\n\t\t\t\t<div class=\"elementor-widget-container\">\n\t\t\t\t\t<h2 class=\"elementor-heading-title elementor-size-default\">S\u00e9journer au c\u0153ur du domaine<\/h2>\t\t\t\t<\/div>\n\t\t\t\t<\/div>\n\t\t\t\t\t<\/div>\n\t\t<\/div>\n\t\t\t\t\t<\/div>\n\t\t<\/section>\n\t\t\t\t<section class=\"elementor-section elementor-top-section elementor-element elementor-element-55cbd22 elementor-section-boxed elementor-section-height-default elementor-section-height-default\" data-id=\"55cbd22\" data-element_type=\"section\" data-e-type=\"section\">\n\t\t\t\t\t\t<div class=\"elementor-container elementor-column-gap-default\">\n\t\t\t\t\t<div class=\"elementor-column elementor-col-100 elementor-top-column elementor-element elementor-element-df88fda\" data-id=\"df88fda\" data-element_type=\"column\" data-e-type=\"column\">\n\t\t\t<div class=\"elementor-widget-wrap elementor-element-populated\">\n\t\t\t\t\t\t<div class=\"elementor-element elementor-element-6a1d466 elementor-widget__width-initial elementor-widget elementor-widget-text-editor\" data-id=\"6a1d466\" data-element_type=\"widget\" data-e-type=\"widget\" data-widget_type=\"text-editor.default\">\n\t\t\t\t<div class=\"elementor-widget-container\">\n\t\t\t\t\t\t\t\t\t<p style=\"font-style: normal; caret-color: #000000; color: #000000;\" data-start=\"223\" data-end=\"369\">Au c\u0153ur de l\u2019appellation <strong>Bourgueil<\/strong>, notre logement vous accueille pour une parenth\u00e8se paisible entre vignes et nature.<\/p><p style=\"font-style: normal; caret-color: #000000; color: #000000;\" data-start=\"223\" data-end=\"369\">Vous y trouverez tout le confort n\u00e9cessaire pour un s\u00e9jour agr\u00e9able, dans un cadre authentique. <br \/>Pens\u00e9 pour recevoir jusqu\u2019\u00e0 <strong>6 personnes<\/strong>,\u00a0l\u2019h\u00e9bergement offre des espaces confortables et conviviaux, id\u00e9als pour partager de beaux moments.\u00a0<\/p><p style=\"font-style: normal; caret-color: #000000; color: #000000;\" data-start=\"223\" data-end=\"369\">Id\u00e9alement situ\u00e9, le domaine est \u00e9galement le point de d\u00e9part parfait pour d\u00e9couvrir les richesses de la r\u00e9gion. \u00c0 quelques kilom\u00e8tres seulement, vous pourrez visiter de magnifiques ch\u00e2teaux de la Loire, tels que le Ch\u00e2teau de Langeais, le Ch\u00e2teau d\u2019Azay-le-Rideau ou encore le Ch\u00e2teau de Villandry et ses c\u00e9l\u00e8bres jardins.<\/p><p style=\"font-style: normal; caret-color: #000000; color: #000000;\" data-start=\"223\" data-end=\"369\">Que vous veniez pour d\u00e9couvrir nos vins, explorer les ch\u00e2teaux et villages alentours ou simplement vous ressourcer, notre h\u00e9bergement vous permet de conjuguer d\u00e9tente, culture et art de vivre.<\/p><p style=\"font-style: normal; caret-color: #000000; color: #000000;\" data-start=\"223\" data-end=\"369\">Nous serons heureux de vous accueillir, de vous conseiller dans vos visites et balades, et bien s\u00fbr de vous faire d\u00e9guster nos cuv\u00e9es lors d\u2019un moment convivial \u00e0 la cave. Venez vivre l\u2019exp\u00e9rience du domaine, le temps d\u2019un s\u00e9jour.<\/p><p style=\"font-style: normal; caret-color: #000000; color: #000000;\" data-start=\"223\" data-end=\"369\"><br \/>Pour toute information suppl\u00e9mentaire ou r\u00e9servation, contactez-nous : <span style=\"text-decoration: underline;\"><em><strong><a href=\"https:\/\/domainedelarchegalteau.fr\/?page_id=10802\">ici<\/a>\u00a0<\/strong><\/em><\/span><\/p><p style=\"font-style: normal; caret-color: #000000; color: #000000;\" data-start=\"1242\" data-end=\"1413\">\u00a0<\/p>\t\t\t\t\t\t\t\t<\/div>\n\t\t\t\t<\/div>\n\t\t\t\t\t<\/div>\n\t\t<\/div>\n\t\t\t\t\t<\/div>\n\t\t<\/section>\n\t\t\t\t<section class=\"elementor-section elementor-top-section elementor-element elementor-element-f631eb6 elementor-section-boxed elementor-section-height-default elementor-section-height-default\" data-id=\"f631eb6\" data-element_type=\"section\" data-e-type=\"section\">\n\t\t\t\t\t\t<div class=\"elementor-container elementor-column-gap-default\">\n\t\t\t\t\t<div class=\"elementor-column elementor-col-100 elementor-top-column elementor-element elementor-element-b526df0\" data-id=\"b526df0\" data-element_type=\"column\" data-e-type=\"column\">\n\t\t\t<div class=\"elementor-widget-wrap elementor-element-populated\">\n\t\t\t\t\t\t<div class=\"elementor-element elementor-element-0823b02 elementor-arrows-position-inside elementor-pagination-position-outside elementor-widget elementor-widget-image-carousel\" data-id=\"0823b02\" data-element_type=\"widget\" data-e-type=\"widget\" data-settings=\"{&quot;autoplay_speed&quot;:4000,&quot;navigation&quot;:&quot;both&quot;,&quot;autoplay&quot;:&quot;yes&quot;,&quot;pause_on_hover&quot;:&quot;yes&quot;,&quot;pause_on_interaction&quot;:&quot;yes&quot;,&quot;infinite&quot;:&quot;yes&quot;,&quot;speed&quot;:500}\" data-widget_type=\"image-carousel.default\">\n\t\t\t\t<div class=\"elementor-widget-container\">\n\t\t\t\t\t\t\t<div class=\"elementor-image-carousel-wrapper swiper\" role=\"region\" aria-roledescription=\"carousel\" aria-label=\"Carrousel d\u2019images\" dir=\"ltr\">\n\t\t\t<div class=\"elementor-image-carousel swiper-wrapper\" aria-live=\"off\">\n\t\t\t\t\t\t\t\t<div class=\"swiper-slide\" role=\"group\" aria-roledescription=\"slide\" aria-label=\"1 sur 5\"><figure class=\"swiper-slide-inner\"><img decoding=\"async\" class=\"swiper-slide-image\" src=\"https:\/\/domainedelarchegalteau.fr\/wp-content\/uploads\/2021\/09\/DSC_0480-370x460.jpg\" alt=\"DSC_0480\" \/><\/figure><\/div><div class=\"swiper-slide\" role=\"group\" aria-roledescription=\"slide\" aria-label=\"2 sur 5\"><figure class=\"swiper-slide-inner\"><img decoding=\"async\" class=\"swiper-slide-image\" src=\"https:\/\/domainedelarchegalteau.fr\/wp-content\/uploads\/2021\/09\/DSC_0449-370x460.jpg\" alt=\"DSC_0449\" \/><\/figure><\/div><div class=\"swiper-slide\" role=\"group\" aria-roledescription=\"slide\" aria-label=\"3 sur 5\"><figure class=\"swiper-slide-inner\"><img decoding=\"async\" class=\"swiper-slide-image\" src=\"https:\/\/domainedelarchegalteau.fr\/wp-content\/uploads\/2021\/09\/DSC_0347-3-370x460.jpg\" alt=\"DSC_0347 (3)\" \/><\/figure><\/div><div class=\"swiper-slide\" role=\"group\" aria-roledescription=\"slide\" aria-label=\"4 sur 5\"><figure class=\"swiper-slide-inner\"><img decoding=\"async\" class=\"swiper-slide-image\" src=\"https:\/\/domainedelarchegalteau.fr\/wp-content\/uploads\/2021\/09\/DSC_0791-370x460.jpg\" alt=\"DSC_0791\" \/><\/figure><\/div><div class=\"swiper-slide\" role=\"group\" aria-roledescription=\"slide\" aria-label=\"5 sur 5\"><figure class=\"swiper-slide-inner\"><img decoding=\"async\" class=\"swiper-slide-image\" src=\"https:\/\/domainedelarchegalteau.fr\/wp-content\/uploads\/2021\/09\/DSCF2502-370x460.jpg\" alt=\"DSCF2502\" \/><\/figure><\/div>\t\t\t<\/div>\n\t\t\t\t\t\t\t\t\t\t\t\t<div class=\"elementor-swiper-button elementor-swiper-button-prev\" role=\"button\" tabindex=\"0\">\n\t\t\t\t\t\t<i aria-hidden=\"true\" class=\"eicon-chevron-left\"><\/i>\t\t\t\t\t<\/div>\n\t\t\t\t\t<div class=\"elementor-swiper-button elementor-swiper-button-next\" role=\"button\" tabindex=\"0\">\n\t\t\t\t\t\t<i aria-hidden=\"true\" class=\"eicon-chevron-right\"><\/i>\t\t\t\t\t<\/div>\n\t\t\t\t\n\t\t\t\t\t\t\t\t\t<div class=\"swiper-pagination\"><\/div>\n\t\t\t\t\t\t\t\t\t<\/div>\n\t\t\t\t\t\t<\/div>\n\t\t\t\t<\/div>\n\t\t\t\t<div class=\"elementor-element elementor-element-90c0caa elementor-widget-divider--view-line elementor-widget elementor-widget-divider\" data-id=\"90c0caa\" data-element_type=\"widget\" data-e-type=\"widget\" data-widget_type=\"divider.default\">\n\t\t\t\t<div class=\"elementor-widget-container\">\n\t\t\t\t\t\t\t<div class=\"elementor-divider\">\n\t\t\t<span class=\"elementor-divider-separator\">\n\t\t\t\t\t\t<\/span>\n\t\t<\/div>\n\t\t\t\t\t\t<\/div>\n\t\t\t\t<\/div>\n\t\t\t\t<div class=\"elementor-element elementor-element-827e19f elementor-widget elementor-widget-text-editor\" data-id=\"827e19f\" data-element_type=\"widget\" data-e-type=\"widget\" data-widget_type=\"text-editor.default\">\n\t\t\t\t<div class=\"elementor-widget-container\">\n\t\t\t\t\t\t\t\t\t<p style=\"text-align: center;\"><a href=\"https:\/\/galteau-pressoirflani\u00e8re.fr\/?page_id=11415\" target=\"_blank\" rel=\"noopener\">Mention L\u00e9gales<\/a><\/p><p style=\"text-align: center;\">L&#8217;abus d&#8217;alcool est dangereux pour la sant\u00e9, \u00e0 consommer avec mod\u00e9ration.<\/p>\t\t\t\t\t\t\t\t<\/div>\n\t\t\t\t<\/div>\n\t\t\t\t\t<\/div>\n\t\t<\/div>\n\t\t\t\t\t<\/div>\n\t\t<\/section>\n\t\t\t\t<section class=\"elementor-section elementor-top-section elementor-element elementor-element-400a183 elementor-section-boxed elementor-section-height-default elementor-section-height-default\" data-id=\"400a183\" data-element_type=\"section\" data-e-type=\"section\">\n\t\t\t\t\t\t<div class=\"elementor-container elementor-column-gap-default\">\n\t\t\t\t\t<div class=\"elementor-column elementor-col-100 elementor-top-column elementor-element elementor-element-b79de1e\" data-id=\"b79de1e\" data-element_type=\"column\" data-e-type=\"column\">\n\t\t\t<div class=\"elementor-widget-wrap elementor-element-populated\">\n\t\t\t\t\t\t<div class=\"elementor-element elementor-element-169406c elementor-shape-rounded elementor-grid-0 e-grid-align-center elementor-widget elementor-widget-social-icons\" data-id=\"169406c\" data-element_type=\"widget\" data-e-type=\"widget\" data-widget_type=\"social-icons.default\">\n\t\t\t\t<div class=\"elementor-widget-container\">\n\t\t\t\t\t\t\t<div class=\"elementor-social-icons-wrapper elementor-grid\" role=\"list\">\n\t\t\t\t\t\t\t<span class=\"elementor-grid-item\" role=\"listitem\">\n\t\t\t\t\t<a class=\"elementor-icon elementor-social-icon elementor-social-icon-facebook elementor-repeater-item-01f4504\" href=\"https:\/\/www.facebook.com\/share\/1QeG8BVwbQ\/\" target=\"_blank\">\n\t\t\t\t\t\t<span class=\"elementor-screen-only\">Facebook<\/span>\n\t\t\t\t\t\t<i aria-hidden=\"true\" class=\"fab fa-facebook\"><\/i>\t\t\t\t\t<\/a>\n\t\t\t\t<\/span>\n\t\t\t\t\t\t\t<span class=\"elementor-grid-item\" role=\"listitem\">\n\t\t\t\t\t<a class=\"elementor-icon elementor-social-icon elementor-social-icon-instagram elementor-repeater-item-a1bf7fa\" href=\"https:\/\/www.instagram.com\/larche.galteau?igsh=MXR0cGc2bXhycDlxdQ==\" target=\"_blank\">\n\t\t\t\t\t\t<span class=\"elementor-screen-only\">Instagram<\/span>\n\t\t\t\t\t\t<i aria-hidden=\"true\" class=\"fab fa-instagram\"><\/i>\t\t\t\t\t<\/a>\n\t\t\t\t<\/span>\n\t\t\t\t\t<\/div>\n\t\t\t\t\t\t<\/div>\n\t\t\t\t<\/div>\n\t\t\t\t\t<\/div>\n\t\t<\/div>\n\t\t\t\t\t<\/div>\n\t\t<\/section>\n\t\t\t\t<\/div>\n\t\t","protected":false},"excerpt":{"rendered":"<p>Bienvenue au domaine de l&#8217;Arche Galteau ! S\u00e9journer au c\u0153ur du domaine Au c\u0153ur de l\u2019appellation Bourgueil, notre logement vous [&hellip;]<\/p>\n","protected":false},"author":1,"featured_media":0,"parent":0,"menu_order":0,"comment_status":"closed","ping_status":"closed","template":"","meta":{"site-sidebar-layout":"default","site-content-layout":"","ast-site-content-layout":"default","site-content-style":"default","site-sidebar-style":"default","ast-global-header-display":"","ast-banner-title-visibility":"","ast-main-header-display":"","ast-hfb-above-header-display":"","ast-hfb-below-header-display":"","ast-hfb-mobile-header-display":"","site-post-title":"","ast-breadcrumbs-content":"","ast-featured-img":"","footer-sml-layout":"","ast-disable-related-posts":"","theme-transparent-header-meta":"","adv-header-id-meta":"","stick-header-meta":"","header-above-stick-meta":"","header-main-stick-meta":"","header-below-stick-meta":"","astra-migrate-meta-layouts":"default","ast-page-background-enabled":"default","ast-page-background-meta":{"desktop":{"background-color":"var(--ast-global-color-5)","background-image":"","background-repeat":"repeat","background-position":"center center","background-size":"auto","background-attachment":"scroll","background-type":"","background-media":"","overlay-type":"","overlay-color":"","overlay-opacity":"","overlay-gradient":""},"tablet":{"background-color":"","background-image":"","background-repeat":"repeat","background-position":"center center","background-size":"auto","background-attachment":"scroll","background-type":"","background-media":"","overlay-type":"","overlay-color":"","overlay-opacity":"","overlay-gradient":""},"mobile":{"background-color":"","background-image":"","background-repeat":"repeat","background-position":"center center","background-size":"auto","background-attachment":"scroll","background-type":"","background-media":"","overlay-type":"","overlay-color":"","overlay-opacity":"","overlay-gradient":""}},"ast-content-background-meta":{"desktop":{"background-color":"var(--ast-global-color-4)","background-image":"","background-repeat":"repeat","background-position":"center center","background-size":"auto","background-attachment":"scroll","background-type":"","background-media":"","overlay-type":"","overlay-color":"","overlay-opacity":"","overlay-gradient":""},"tablet":{"background-color":"var(--ast-global-color-4)","background-image":"","background-repeat":"repeat","background-position":"center center","background-size":"auto","background-attachment":"scroll","background-type":"","background-media":"","overlay-type":"","overlay-color":"","overlay-opacity":"","overlay-gradient":""},"mobile":{"background-color":"var(--ast-global-color-4)","background-image":"","background-repeat":"repeat","background-position":"center center","background-size":"auto","background-attachment":"scroll","background-type":"","background-media":"","overlay-type":"","overlay-color":"","overlay-opacity":"","overlay-gradient":""}},"footnotes":""},"class_list":["post-12777","page","type-page","status-publish","hentry"],"_links":{"self":[{"href":"https:\/\/domainedelarchegalteau.fr\/index.php?rest_route=\/wp\/v2\/pages\/12777","targetHints":{"allow":["GET"]}}],"collection":[{"href":"https:\/\/domainedelarchegalteau.fr\/index.php?rest_route=\/wp\/v2\/pages"}],"about":[{"href":"https:\/\/domainedelarchegalteau.fr\/index.php?rest_route=\/wp\/v2\/types\/page"}],"author":[{"embeddable":true,"href":"https:\/\/domainedelarchegalteau.fr\/index.php?rest_route=\/wp\/v2\/users\/1"}],"replies":[{"embeddable":true,"href":"https:\/\/domainedelarchegalteau.fr\/index.php?rest_route=%2Fwp%2Fv2%2Fcomments&post=12777"}],"version-history":[{"count":22,"href":"https:\/\/domainedelarchegalteau.fr\/index.php?rest_route=\/wp\/v2\/pages\/12777\/revisions"}],"predecessor-version":[{"id":12808,"href":"https:\/\/domainedelarchegalteau.fr\/index.php?rest_route=\/wp\/v2\/pages\/12777\/revisions\/12808"}],"wp:attachment":[{"href":"https:\/\/domainedelarchegalteau.fr\/index.php?rest_route=%2Fwp%2Fv2%2Fmedia&parent=12777"}],"curies":[{"name":"wp","href":"https:\/\/api.w.org\/{rel}","templated":true}]}}