{"id":12811,"date":"2026-03-09T11:33:41","date_gmt":"2026-03-09T10:33:41","guid":{"rendered":"https:\/\/domainedelarchegalteau.fr\/?page_id=12811"},"modified":"2026-04-09T14:50:05","modified_gmt":"2026-04-09T12:50:05","slug":"reglement-jeu-concours-foire-de-coulommiers","status":"publish","type":"page","link":"https:\/\/domainedelarchegalteau.fr\/?page_id=12811","title":{"rendered":"R\u00e8glement Jeu Concours &#8211; F\u00caTE DES VINS DE BOURGUEIL 2026 &#8211; TOURS"},"content":{"rendered":"\n<h2 class=\"wp-block-heading\"><br>R\u00e8glement Jeu Concours : &#8220;Estimation du Nombre de Bouchons \u00bb<\/h2>\n\n\n\n<h3 class=\"wp-block-heading\"><br>Article 1 \u2013 Organisation<\/h3>\n\n\n\n<p><br>La soci\u00e9t\u00e9 <strong>EURL GALTEAU<\/strong>, (50 Rue de Touraine 37140 Coteaux sur Loire, domainedelarche.galteau@gmail.com) organise un jeu gratuit avec obligation d\u2019achat intitul\u00e9 <strong>\u00ab Estimation du Nombre de Bouchons \u00bb<\/strong>, qui se d\u00e9roulera <strong>le 11 avril 2026<\/strong> inclus.<\/p>\n\n\n\n<h3 class=\"wp-block-heading\"><br>Article 2 \u2013 Conditions de participation<\/h3>\n\n\n\n<p>Le jeu est ouvert \u00e0 toute personne physique majeure (18 ans minimum) r\u00e9sidant en France m\u00e9tropolitaine.<\/p>\n\n\n\n<p>La participation est peux se faire, suite \u00e0 l&#8217;achat au minima d&#8217;une bouteille. Une seule participation par personne est autoris\u00e9e pendant toute la dur\u00e9e du jeu.<\/p>\n\n\n\n<p>Ne peuvent pas participer les personnes impliqu\u00e9es dans l\u2019organisation du jeu ainsi que les membres de leur famille.<\/p>\n\n\n\n<h3 class=\"wp-block-heading\"><br>Article 3 \u2013 Modalit\u00e9s de participation<\/h3>\n\n\n\n<p>Pour participer, les personnes doivent :<\/p>\n\n\n\n<ol class=\"wp-block-list\">\n<li>Estimer le nombre de bouchons pr\u00e9sents dans le contenant pr\u00e9vu \u00e0 cet effet.<\/li>\n\n\n\n<li>Remplir un bulletin de participation avec les informations suivantes :\n<ul class=\"wp-block-list\">\n<li>Nom<\/li>\n\n\n\n<li>Pr\u00e9nom<\/li>\n\n\n\n<li>Adresse postale ou adresse email<\/li>\n<\/ul>\n<\/li>\n\n\n\n<li>D\u00e9poser le bulletin dans l\u2019urne pr\u00e9vue \u00e0 cet effet.<\/li>\n<\/ol>\n\n\n\n<p>Les informations recueillies permettent uniquement d\u2019identifier et de contacter le gagnant.<\/p>\n\n\n\n<p>Toute participation incompl\u00e8te, illisible ou frauduleuse sera consid\u00e9r\u00e9e comme nulle.<\/p>\n\n\n\n<h3 class=\"wp-block-heading\"><br>Article 4 \u2013 Dur\u00e9e du jeu<\/h3>\n\n\n\n<p>Le jeu se d\u00e9roule seulement le samedi 11 avril 2026<\/p>\n\n\n\n<p>Le <strong>tirage au sort aura lieu le 11\/04 \u00e0 20h30<\/strong> parmi les participants ayant donn\u00e9 la r\u00e9ponse exacte ou la plus proche du nombre r\u00e9el de bouchons.<br><\/p>\n\n\n\n<h3 class=\"wp-block-heading\"><br>Article 5 \u2013 D\u00e9signation du gagnant<\/h3>\n\n\n\n<p>Le gagnant sera d\u00e9termin\u00e9 parmi les participants ayant propos\u00e9 la r\u00e9ponse exacte ou la plus proche.<\/p>\n\n\n\n<p>En cas d\u2019\u00e9galit\u00e9 entre plusieurs participants, un tirage au sort sera effectu\u00e9 pour d\u00e9signer le gagnant.<\/p>\n\n\n\n<p>Le gagnant sera contact\u00e9 gr\u00e2ce aux informations fournies sur son bulletin de participation.<\/p>\n\n\n\n<h3 class=\"wp-block-heading\"><br>Article 6 \u2013 Lot<\/h3>\n\n\n\n<p>Le jeu permet de gagner :<\/p>\n\n\n\n<p><strong>1 coffret de 3 bouteilles de vin comprenant :<\/strong><\/p>\n\n\n\n<ul class=\"wp-block-list\">\n<li>1 bouteille de vin ros\u00e9<\/li>\n\n\n\n<li>1 bouteille de vin rouge<\/li>\n\n\n\n<li>1 bouteille de vin blanc<\/li>\n<\/ul>\n\n\n\n<p>Le lot ne pourra pas \u00eatre \u00e9chang\u00e9 contre sa valeur en esp\u00e8ces, ni remplac\u00e9 par un autre lot.<\/p>\n\n\n\n<h3 class=\"wp-block-heading\"><br>Article 7 \u2013 Remise du lot<\/h3>\n\n\n\n<p>Le gagnant sera inform\u00e9 par t\u00e9l\u00e9phone ou par email.<\/p>\n\n\n\n<p>Le lot devra \u00eatre r\u00e9cup\u00e9r\u00e9 l\u2019ann\u00e9e prochaine sur la foire ou au domaine directement.<\/p>\n\n\n\n<p>Sans r\u00e9ponse du gagnant dans un d\u00e9lai raisonnable apr\u00e8s la prise de contact, l\u2019organisateur se r\u00e9serve le droit d\u2019attribuer le lot \u00e0 un autre participant.<\/p>\n\n\n\n<h3 class=\"wp-block-heading\"><br>Article 8 \u2013 Responsabilit\u00e9<\/h3>\n\n\n\n<p><br>L\u2019organisateur ne saurait pas tenu responsable en cas de probl\u00e8me technique, de perte de bulletin ou de toute situation ind\u00e9pendante de sa volont\u00e9 perturbant le bon d\u00e9roulement du jeu.<\/p>\n\n\n\n<h3 class=\"wp-block-heading\"><br>Article 9 \u2013 Donn\u00e9es personnelles<\/h3>\n\n\n\n<p>Les informations recueillies dans le cadre du jeu concours (nom, pr\u00e9nom, adresse postale ou adresse email) sont n\u00e9cessaires pour la gestion du jeu et pour contacter le gagnant.<\/p>\n\n\n\n<p>Avec l\u2019accord explicite du participant, l\u2019adresse email pourra \u00e9galement \u00eatre conserv\u00e9e par l\u2019organisateur afin de recevoir des informations, actualit\u00e9s ou offres commerciales de <strong>EURL GALTEAU<\/strong>.<\/p>\n\n\n\n<p>Les participants disposent \u00e0 tout moment d\u2019un droit d\u2019acc\u00e8s, de rectification ou de suppression de leurs donn\u00e9es personnelles conform\u00e9ment au R\u00e8glement g\u00e9n\u00e9ral sur la protection des donn\u00e9es (RGPD).<br>Toute demande peut \u00eatre adress\u00e9e \u00e0 l\u2019organisateur.<\/p>\n\n\n\n<h3 class=\"wp-block-heading\"><br>Article 10 \u2013 Acceptation du r\u00e8glement<\/h3>\n\n\n\n<p>La participation au jeu implique l\u2019acceptation pleine et enti\u00e8re du pr\u00e9sent r\u00e8glement.<\/p>\n\n\n\n<p>Le r\u00e8glement peut \u00eatre consult\u00e9 sur simple demande aupr\u00e8s de l\u2019organisateur.<\/p>\n","protected":false},"excerpt":{"rendered":"<p>R\u00e8glement Jeu Concours : &#8220;Estimation du Nombre de Bouchons \u00bb Article 1 \u2013 Organisation La soci\u00e9t\u00e9 EURL GALTEAU, (50 Rue [&hellip;]<\/p>\n","protected":false},"author":1,"featured_media":0,"parent":0,"menu_order":0,"comment_status":"closed","ping_status":"closed","template":"","meta":{"site-sidebar-layout":"default","site-content-layout":"","ast-site-content-layout":"default","site-content-style":"default","site-sidebar-style":"default","ast-global-header-display":"","ast-banner-title-visibility":"","ast-main-header-display":"","ast-hfb-above-header-display":"","ast-hfb-below-header-display":"","ast-hfb-mobile-header-display":"","site-post-title":"","ast-breadcrumbs-content":"","ast-featured-img":"","footer-sml-layout":"","ast-disable-related-posts":"","theme-transparent-header-meta":"","adv-header-id-meta":"","stick-header-meta":"","header-above-stick-meta":"","header-main-stick-meta":"","header-below-stick-meta":"","astra-migrate-meta-layouts":"default","ast-page-background-enabled":"default","ast-page-background-meta":{"desktop":{"background-color":"var(--ast-global-color-5)","background-image":"","background-repeat":"repeat","background-position":"center center","background-size":"auto","background-attachment":"scroll","background-type":"","background-media":"","overlay-type":"","overlay-color":"","overlay-opacity":"","overlay-gradient":""},"tablet":{"background-color":"","background-image":"","background-repeat":"repeat","background-position":"center center","background-size":"auto","background-attachment":"scroll","background-type":"","background-media":"","overlay-type":"","overlay-color":"","overlay-opacity":"","overlay-gradient":""},"mobile":{"background-color":"","background-image":"","background-repeat":"repeat","background-position":"center center","background-size":"auto","background-attachment":"scroll","background-type":"","background-media":"","overlay-type":"","overlay-color":"","overlay-opacity":"","overlay-gradient":""}},"ast-content-background-meta":{"desktop":{"background-color":"var(--ast-global-color-4)","background-image":"","background-repeat":"repeat","background-position":"center center","background-size":"auto","background-attachment":"scroll","background-type":"","background-media":"","overlay-type":"","overlay-color":"","overlay-opacity":"","overlay-gradient":""},"tablet":{"background-color":"var(--ast-global-color-4)","background-image":"","background-repeat":"repeat","background-position":"center center","background-size":"auto","background-attachment":"scroll","background-type":"","background-media":"","overlay-type":"","overlay-color":"","overlay-opacity":"","overlay-gradient":""},"mobile":{"background-color":"var(--ast-global-color-4)","background-image":"","background-repeat":"repeat","background-position":"center center","background-size":"auto","background-attachment":"scroll","background-type":"","background-media":"","overlay-type":"","overlay-color":"","overlay-opacity":"","overlay-gradient":""}},"footnotes":""},"class_list":["post-12811","page","type-page","status-publish","hentry"],"_links":{"self":[{"href":"https:\/\/domainedelarchegalteau.fr\/index.php?rest_route=\/wp\/v2\/pages\/12811","targetHints":{"allow":["GET"]}}],"collection":[{"href":"https:\/\/domainedelarchegalteau.fr\/index.php?rest_route=\/wp\/v2\/pages"}],"about":[{"href":"https:\/\/domainedelarchegalteau.fr\/index.php?rest_route=\/wp\/v2\/types\/page"}],"author":[{"embeddable":true,"href":"https:\/\/domainedelarchegalteau.fr\/index.php?rest_route=\/wp\/v2\/users\/1"}],"replies":[{"embeddable":true,"href":"https:\/\/domainedelarchegalteau.fr\/index.php?rest_route=%2Fwp%2Fv2%2Fcomments&post=12811"}],"version-history":[{"count":4,"href":"https:\/\/domainedelarchegalteau.fr\/index.php?rest_route=\/wp\/v2\/pages\/12811\/revisions"}],"predecessor-version":[{"id":12820,"href":"https:\/\/domainedelarchegalteau.fr\/index.php?rest_route=\/wp\/v2\/pages\/12811\/revisions\/12820"}],"wp:attachment":[{"href":"https:\/\/domainedelarchegalteau.fr\/index.php?rest_route=%2Fwp%2Fv2%2Fmedia&parent=12811"}],"curies":[{"name":"wp","href":"https:\/\/api.w.org\/{rel}","templated":true}]}}